{"id":2552,"date":"2022-10-13T08:56:50","date_gmt":"2022-10-13T08:56:50","guid":{"rendered":"https:\/\/www.pikeart.com\/pieni_taulukauppa\/?page_id=2552"},"modified":"2025-02-02T15:53:42","modified_gmt":"2025-02-02T15:53:42","slug":"rajoilla-kohdattua-2022","status":"publish","type":"page","link":"https:\/\/www.pikeart.com\/pieni_taulukauppa\/rajoilla-kohdattua-2022\/","title":{"rendered":"&#8217;Rajoilla kohdattua &#8211; Gr\u00e4nsm\u00f6ten&#8217; Gumbostrand Konst &#038; Form 2022"},"content":{"rendered":"<p style=\"text-align: left;\"><div class=\"su-row\">\n<div class=\"su-column su-column-size-1-2\"><div class=\"su-column-inner su-u-clearfix su-u-trim\">\n<p class=\"western\" lang=\"en-GB\"><span style=\"font-family: Times New Roman, serif;\"><span style=\"font-size: medium;\"><span lang=\"fi-FI\">\u201dRajoilla kohdattua<\/span><\/span><\/span><span style=\"font-family: Times New Roman, serif;\"><span style=\"font-size: medium;\"><span lang=\"fi-FI\">\u201d on jonkinlainen matkakertomus, jonka muodostavat maalaukselliset fragmentit, pienet palaset, joiden ymp\u00e4rille hahmottuu aikajana, el\u00e4m\u00e4nkaari. Tarinassa on alku ja loppu, syntym\u00e4 ja kuolema, ja sen v\u00e4liss\u00e4 on merkityksellisi\u00e4 v\u00e4l\u00e4hdyksi\u00e4 &#8211; el\u00e4m\u00e4. <\/span><\/span><\/span><\/p>\n<p class=\"western\" lang=\"en-GB\"><span style=\"font-size: medium; font-family: 'Times New Roman', serif;\">Maalaukseni p\u00e4\u00e4motiiviksi on vuosien varrella muodostunut el\u00e4inaiheet, niist\u00e4 rakkaimpina linnut. Maalausteni keski\u00f6ss\u00e4 on usein katse, jonka kautta haluan kohdata katsojan. Tavoitteena on, ett\u00e4 h\u00e4n pys\u00e4htyy hetkeksi ja saa kiinni tarinasta.<\/span><\/p>\n<p class=\"western\"><span style=\"font-family: Times New Roman, serif;\"><span style=\"font-size: medium;\">Mystinen, kunnioitusta her\u00e4tt\u00e4v\u00e4 korppi, johon liittyy paljon myyttej\u00e4 ja uskomuksia, on yksi el\u00e4inkunnan \u00e4lykk\u00e4immist\u00e4 lajeista. Kotipihallani sen jokainen ylilento on juhlahetki. T\u00e4ss\u00e4 n\u00e4yttelyss\u00e4 korpin hahmo rakentaa raamit tarinalle, jossa se on ensimm\u00e4inen ja viimeinen. Korppi kulkee aikajanalla n\u00e4enn\u00e4isesti tarkkaillen, mutta voimakkaasti osallistuen.<\/span><\/span><\/p>\n<p class=\"western\" lang=\"en-GB\"><span style=\"font-family: Times New Roman, serif;\"><span style=\"font-size: medium;\"><span lang=\"fi-FI\">Variksesta voisi ehk\u00e4 sanoa, ett\u00e4 se on korpin arkisempi versio. Resuinen varis saa hymyn huulille. Sen puuhissa on jotain syv\u00e4sti inhimillist\u00e4 ja siihen on helppo samaistua. Tarinassa varis kommentoi hieman sivusta, mutta tulee silti n\u00e4hdyksi.<\/span><\/span><\/span><\/p>\n<p class=\"western\"><span style=\"font-family: Times New Roman, serif;\"><span style=\"font-size: medium;\">Kauris motiivina on mielenkiintoinen. Siihen liittyv\u00e4t vahvasti sellaiset adjektiivit kuten kaunis, viaton ja arka. Moni tunnistaa kielikuvan \u201dkauris ajovaloissa\u201d. Kauriin katse on kiinnostava, koska se vangitsee katsojan &#8211; sit\u00e4 on vaikea ohittaa. Nyt esill\u00e4 olevassa n\u00e4yttelyss\u00e4 olen pyrkinyt kuvaamaan lapsuuden viattomuutta, nuoruuden uhmaa, keski-ik\u00e4isyyden jonkinlaista k\u00e4\u00e4nnekohtaa ja vanhuuteen liitett\u00e4v\u00e4\u00e4 kokemuksen tuomaa viisautta. <\/span><\/span><\/p>\n<p class=\"western\"><span style=\"font-family: Times New Roman, serif;\"><span style=\"font-size: medium;\">N\u00e4iden el\u00e4inten lis\u00e4ksi tarinaan liittyy lapsi, kertoja, ikiaikainen kokija, joka ei koskaan oppinut pit\u00e4m\u00e4\u00e4n itse\u00e4\u00e4n luomakunnan kuninkaana vaan h\u00e4n on tasavertainen, yht\u00e4 kaiken kanssa. Aina. Lapsen kasvoilta kuvastuu huoli. Me tied\u00e4mme, ett\u00e4 siihen on syyns\u00e4.<\/span><\/span><\/p>\n<p class=\"western\"><span style=\"font-family: Times New Roman, serif;\"><span style=\"font-size: medium;\">Ihminen huomaa usein ajan kulumisen vuodenaikojen vaihtelusta. N\u00e4it\u00e4 rajapintoja korostamaan kolme kasviaiheista maalausta kuvaamassa kev\u00e4tt\u00e4, kes\u00e4\u00e4 ja syksy\u00e4.<\/span><\/span><\/p>\n<\/div><\/div>\n<div class=\"su-column su-column-size-1-2\"><div class=\"su-column-inner su-u-clearfix su-u-trim\">\n<p class=\"western\" lang=\"en-GB\"><span style=\"font-family: Times New Roman, serif;\"><span style=\"font-size: medium;\">Min utst\u00e4llning &#8221;Gr\u00e4nsm\u00f6ten&#8221; \u00e4r en slags reseskildring best\u00e5ende av m\u00e5leriska fragment, sm\u00e5 stycken som tillsammans utg\u00f6r en tidslinje, ett levnadslopp. Ber\u00e4ttelsen har en b\u00f6rjan och ett slut, f\u00f6delse och d\u00f6d, och emellan dem finns betydelsefulla glimtar &#8211; livet.<\/span><\/span><\/p>\n<p class=\"western\" lang=\"en-GB\"><span style=\"font-family: Times New Roman, serif;\"><span style=\"font-size: medium;\">Djuren har vuxit fram som huvudmotiv i mitt konstn\u00e4rskap under \u00e5rens lopp, speciellt f\u00e5glar \u00e4r mig k\u00e4ra. Blicken \u00e4r essentiell i min konst, och d\u00e4r hoppas jag kunna m\u00f6ta betraktaren. M\u00e5let \u00e4r att stanna upp en stund och f\u00e5 fatt i ber\u00e4ttelsen.<\/span><\/span><\/p>\n<p class=\"western\" lang=\"en-GB\"><span style=\"font-family: Times New Roman, serif;\"><span style=\"font-size: medium;\">Den mystiska och respektingivande korpen \u00e4r f\u00f6rknippad med m\u00e5nga myter och f\u00f6rest\u00e4llningar. Den \u00e4r en av djurrikets intelligentaste arter. Varje g\u00e5ng korpen flyger \u00f6ver min g\u00e5rd d\u00e4r hemma k\u00e4nns det lika m\u00e4ktigt. I utst\u00e4llningen \u00e4r korpen f\u00f6rst och sist, och skapar p\u00e5 s\u00e5 s\u00e4tt ramarna f\u00f6r ber\u00e4ttelsen. Korpen r\u00f6r sig p\u00e5 tidslinjen till synes som en iakttagare, men \u00e4r starkt engagerad.<\/span><\/span><\/p>\n<p class=\"western\" lang=\"en-GB\"><span style=\"font-family: Times New Roman, serif;\"><span style=\"font-size: medium;\">Kr\u00e5kan kunde kanske kallas en mer vardaglig version av korpen. Kr\u00e5kan \u00e4r lite av en trashank som l\u00e4tt f\u00e5r oss att dra p\u00e5 smilbanden. Det ligger n\u00e5got djupt m\u00e4nskligt i dess f\u00f6rehavanden som man kan identifiera sig med. I ber\u00e4ttelsen ger kr\u00e5kan sina kommentarer lite vid sidan om, men blir sedd \u00e4nd\u00e5.<\/span><\/span><\/p>\n<p class=\"western\" lang=\"en-GB\"><span style=\"font-family: Times New Roman, serif;\"><span style=\"font-size: medium;\">R\u00e5djuret \u00e4r fascinerande som motiv. Djuret kan beskrivas med adjektiv s\u00e5 som vackert, oskuldsfullt och skyggt. Den spr\u00e5kliga bilden av &#8221;ett r\u00e5djur i k\u00f6rljuset&#8221; k\u00e4nns bekant f\u00f6r m\u00e5nga. R\u00e5djurets blick \u00e4r trollbindande, den f\u00e4ngslar och kan inte f\u00f6rbig\u00e5s. I utst\u00e4llningen beskriver jag barndomens oskuldsfullhet, ungdomens trots, medel\u00e5lderns v\u00e4ndpunkt av n\u00e5got slag och den vishet p\u00e5 \u00e5lderns h\u00f6st som livet sk\u00e4nkt oss.<\/span><\/span><\/p>\n<p class=\"western\" lang=\"en-GB\"><span style=\"font-family: Times New Roman, serif;\"><span style=\"font-size: medium;\">F\u00f6rutom alla dessa djur finns det i ber\u00e4ttelsen ocks\u00e5 ett barn. Barnet \u00e4r den ur\u00e5ldriga ber\u00e4ttaren som aldrig l\u00e4rt sig att se p\u00e5 sig sj\u00e4lv som skapelsens furste utan \u00e4r j\u00e4mb\u00f6rdig, och ett med allting. F\u00f6r alltid. Barnet har en bekymrad min. Och vi vet att det finns fog f\u00f6r oron.\u00a0<\/span><\/span><\/p>\n<p class=\"western\" lang=\"en-GB\"><span style=\"font-family: Times New Roman, serif;\"><span style=\"font-size: medium;\">Tidens g\u00e5ng m\u00e4rker vi m\u00e4nniskor ofta d\u00e5 \u00e5rstiderna v\u00e4xlar. F\u00f6r att betona dessa gr\u00e4nsytor har jag i utst\u00e4llningen valt att inkludera tre verk med blomstermotiv &#8211; de symboliserar v\u00e5ren, sommaren och h\u00f6sten.<\/span><\/span><\/p>\n<\/div><\/div>\n<\/div>\n<div class=\"rl-gallery-container rl-loading\" id=\"rl-gallery-container-1\" data-gallery_id=\"2551\"> <h4 class=\"rl-gallery-title\">Rajoilla kohdattua 2022<\/h4><div class=\"rl-gallery-description\"><\/div> <div class=\"rl-gallery rl-basicmasonry-gallery rl-hover-effect-1\" id=\"rl-gallery-1\" data-gallery_no=\"1\"> <div class=\"rl-gutter-sizer\"><\/div><div class=\"rl-grid-sizer\"><\/div> <div class=\"rl-gallery-item rl-gallery-item-width-4\" > <div class=\"rl-gallery-item-content\"> <a href=\"https:\/\/www.pikeart.com\/pieni_taulukauppa\/wp-content\/uploads\/2022\/08\/Pike_Kokkonen_Observer_webc.jpg\" title=\"Observer, 60 x 60 cm, \u00f6ljy kankaalle \u2013 olja p\u00e5 duk \u2013 oil on canvas, 2022.\" data-rl_title=\"Observer, 60 x 60 cm, \u00f6ljy kankaalle \u2013 olja p\u00e5 duk \u2013 oil on canvas, 2022.\" class=\"rl-gallery-link\" data-rl_caption=\"\" data-rel=\"lightbox-gallery-1\"><img loading=\"lazy\" decoding=\"async\" src=\"https:\/\/www.pikeart.com\/pieni_taulukauppa\/wp-content\/uploads\/2022\/08\/Pike_Kokkonen_Observer_webc-300x298.jpg\" width=\"300\" height=\"298\" alt=\"\" \/><span class=\"rl-gallery-caption\"><span class=\"rl-gallery-item-title\">Observer<\/span><\/span><\/a> <\/div> <\/div> <div class=\"rl-gallery-item\" > <div class=\"rl-gallery-item-content\"> <a href=\"https:\/\/www.pikeart.com\/pieni_taulukauppa\/wp-content\/uploads\/2022\/08\/paljon_vartija_webc.jpg\" title=\"Guardian of All, 160 x 135 cm, \u00f6ljy kankaalle \u2013 olja p\u00e5 duk \u2013 oil on canvas, 2019.\" data-rl_title=\"Guardian of All, 160 x 135 cm, \u00f6ljy kankaalle \u2013 olja p\u00e5 duk \u2013 oil on canvas, 2019.\" class=\"rl-gallery-link\" data-rl_caption=\"\" data-rel=\"lightbox-gallery-1\"><img loading=\"lazy\" decoding=\"async\" src=\"https:\/\/www.pikeart.com\/pieni_taulukauppa\/wp-content\/uploads\/2022\/08\/paljon_vartija_webc-250x300.jpg\" width=\"250\" height=\"300\" alt=\"\" \/><span class=\"rl-gallery-caption\"><span class=\"rl-gallery-item-title\">Guardian of All<\/span><\/span><\/a> <\/div> <\/div> <div class=\"rl-gallery-item\" > <div class=\"rl-gallery-item-content\"> <a href=\"https:\/\/www.pikeart.com\/pieni_taulukauppa\/wp-content\/uploads\/2022\/08\/Pike_Kokkonen_Carol_webc.jpg\" title=\"Carol, 45 x 38 cm, \u00f6ljy kankaalle \u2013 olja p\u00e5 duk \u2013 oil on canvas, 2022.\" data-rl_title=\"Carol, 45 x 38 cm, \u00f6ljy kankaalle \u2013 olja p\u00e5 duk \u2013 oil on canvas, 2022.\" class=\"rl-gallery-link\" data-rl_caption=\"\" data-rel=\"lightbox-gallery-1\"><img loading=\"lazy\" decoding=\"async\" src=\"https:\/\/www.pikeart.com\/pieni_taulukauppa\/wp-content\/uploads\/2022\/08\/Pike_Kokkonen_Carol_webc-247x300.jpg\" width=\"247\" height=\"300\" alt=\"\" \/><span class=\"rl-gallery-caption\"><span class=\"rl-gallery-item-title\">Carol<\/span><\/span><\/a> <\/div> <\/div> <div class=\"rl-gallery-item\" > <div class=\"rl-gallery-item-content\"> <a href=\"https:\/\/www.pikeart.com\/pieni_taulukauppa\/wp-content\/uploads\/2022\/08\/Pike_Kokkonen_Coral_webc.jpg\" title=\"Coral, 45 x 38 cm, \u00f6ljy kankaalle \u2013 olja p\u00e5 duk \u2013 oil on canvas, 2022.\" data-rl_title=\"Coral, 45 x 38 cm, \u00f6ljy kankaalle \u2013 olja p\u00e5 duk \u2013 oil on canvas, 2022.\" class=\"rl-gallery-link\" data-rl_caption=\"\" data-rel=\"lightbox-gallery-1\"><img loading=\"lazy\" decoding=\"async\" src=\"https:\/\/www.pikeart.com\/pieni_taulukauppa\/wp-content\/uploads\/2022\/08\/Pike_Kokkonen_Coral_webc-248x300.jpg\" width=\"248\" height=\"300\" alt=\"\" \/><span class=\"rl-gallery-caption\"><span class=\"rl-gallery-item-title\">Coral<\/span><\/span><\/a> <\/div> <\/div> <div class=\"rl-gallery-item\" > <div class=\"rl-gallery-item-content\"> <a href=\"https:\/\/www.pikeart.com\/pieni_taulukauppa\/wp-content\/uploads\/2022\/08\/Pike_Kokkonen_Spring_Convallaria-majalis_webc.jpg\" title=\"Spring - [Convallaria majalis], 120 x 90 cm, \u00f6ljy kankaalle \u2013 olja p\u00e5 duk \u2013 oil on canvas, 2022.\" data-rl_title=\"Spring - [Convallaria majalis], 120 x 90 cm, \u00f6ljy kankaalle \u2013 olja p\u00e5 duk \u2013 oil on canvas, 2022.\" class=\"rl-gallery-link\" data-rl_caption=\"\" data-rel=\"lightbox-gallery-1\"><img loading=\"lazy\" decoding=\"async\" src=\"https:\/\/www.pikeart.com\/pieni_taulukauppa\/wp-content\/uploads\/2022\/08\/Pike_Kokkonen_Spring_Convallaria-majalis_webc-220x300.jpg\" width=\"220\" height=\"300\" alt=\"\" \/><span class=\"rl-gallery-caption\"><span class=\"rl-gallery-item-title\">Spring &#8211; [Convallaria majalis]<\/span><\/span><\/a> <\/div> <\/div> <div class=\"rl-gallery-item\" > <div class=\"rl-gallery-item-content\"> <a href=\"https:\/\/www.pikeart.com\/pieni_taulukauppa\/wp-content\/uploads\/2022\/08\/Pike_Kokkonen_Traveler-Omnia-mea-mecum-porto_webc.jpg\" title=\"Voyage [Omnia mea mecum porto], 100 x 140 cm, \u00f6ljy kankaalle \u2013 olja p\u00e5 duk \u2013 oil on canvas, 2022.\" data-rl_title=\"Voyage [Omnia mea mecum porto], 100 x 140 cm, \u00f6ljy kankaalle \u2013 olja p\u00e5 duk \u2013 oil on canvas, 2022.\" class=\"rl-gallery-link\" data-rl_caption=\"\" data-rel=\"lightbox-gallery-1\"><img loading=\"lazy\" decoding=\"async\" src=\"https:\/\/www.pikeart.com\/pieni_taulukauppa\/wp-content\/uploads\/2022\/08\/Pike_Kokkonen_Traveler-Omnia-mea-mecum-porto_webc-300x214.jpg\" width=\"300\" height=\"214\" alt=\"\" \/><span class=\"rl-gallery-caption\"><span class=\"rl-gallery-item-title\">Voyage [Omnia mea mecum porto]<\/span><\/span><\/a> <\/div> <\/div> <div class=\"rl-gallery-item\" > <div class=\"rl-gallery-item-content\"> <a href=\"https:\/\/www.pikeart.com\/pieni_taulukauppa\/wp-content\/uploads\/2022\/08\/Pike_Kokkonen_Young-and-Innocent_webc.jpg\" title=\"Young and Innocent, 60 x 60 cm, \u00f6ljy kankaalle \u2013 olja p\u00e5 duk \u2013 oil on canvas, 2022.\" data-rl_title=\"Young and Innocent, 60 x 60 cm, \u00f6ljy kankaalle \u2013 olja p\u00e5 duk \u2013 oil on canvas, 2022.\" class=\"rl-gallery-link\" data-rl_caption=\"\" data-rel=\"lightbox-gallery-1\"><img loading=\"lazy\" decoding=\"async\" src=\"https:\/\/www.pikeart.com\/pieni_taulukauppa\/wp-content\/uploads\/2022\/08\/Pike_Kokkonen_Young-and-Innocent_webc-300x300.jpg\" width=\"300\" height=\"300\" alt=\"\" \/><span class=\"rl-gallery-caption\"><span class=\"rl-gallery-item-title\">Young and Innocent<\/span><\/span><\/a> <\/div> <\/div> <div class=\"rl-gallery-item\" > <div class=\"rl-gallery-item-content\"> <a href=\"https:\/\/www.pikeart.com\/pieni_taulukauppa\/wp-content\/uploads\/2022\/08\/Pike_Kokkonen_Brave-and-Strong_webc.jpg\" title=\"Brave and Strong, 80 x 60 cm, \u00f6ljy kankaalle \u2013 olja p\u00e5 duk \u2013 oil on canvas, 2022.\" data-rl_title=\"Brave and Strong, 80 x 60 cm, \u00f6ljy kankaalle \u2013 olja p\u00e5 duk \u2013 oil on canvas, 2022.\" class=\"rl-gallery-link\" data-rl_caption=\"\" data-rel=\"lightbox-gallery-1\"><img loading=\"lazy\" decoding=\"async\" src=\"https:\/\/www.pikeart.com\/pieni_taulukauppa\/wp-content\/uploads\/2022\/08\/Pike_Kokkonen_Brave-and-Strong_webc-221x300.jpg\" width=\"221\" height=\"300\" alt=\"\" \/><span class=\"rl-gallery-caption\"><span class=\"rl-gallery-item-title\">Brave and Strong<\/span><\/span><\/a> <\/div> <\/div> <div class=\"rl-gallery-item\" > <div class=\"rl-gallery-item-content\"> <a href=\"https:\/\/www.pikeart.com\/pieni_taulukauppa\/wp-content\/uploads\/2022\/08\/Pike_Kokkonen_Summer_Rosa-foetida-Persiana_webc.jpg\" title=\"Summer [Rosa foetida &#039;Persiana&#039;], 120 x 90 cm, \u00f6ljy kankaalle \u2013 olja p\u00e5 duk \u2013 oil on canvas, 2022.\" data-rl_title=\"Summer [Rosa foetida &#039;Persiana&#039;], 120 x 90 cm, \u00f6ljy kankaalle \u2013 olja p\u00e5 duk \u2013 oil on canvas, 2022.\" class=\"rl-gallery-link\" data-rl_caption=\"\" data-rel=\"lightbox-gallery-1\"><img loading=\"lazy\" decoding=\"async\" src=\"https:\/\/www.pikeart.com\/pieni_taulukauppa\/wp-content\/uploads\/2022\/08\/Pike_Kokkonen_Summer_Rosa-foetida-Persiana_webc-225x300.jpg\" width=\"225\" height=\"300\" alt=\"\" \/><span class=\"rl-gallery-caption\"><span class=\"rl-gallery-item-title\">Summer [Rosa foetida &#8217;Persiana&#8217;]<\/span><\/span><\/a> <\/div> <\/div> <div class=\"rl-gallery-item\" > <div class=\"rl-gallery-item-content\"> <a href=\"https:\/\/www.pikeart.com\/pieni_taulukauppa\/wp-content\/uploads\/2022\/08\/Pike_Kokkonen_Venla_webc.jpg\" title=\"Venla - Still having dreams left, 27 x 35 cm, \u00f6ljy kankaalle \u2013 olja p\u00e5 duk \u2013 oil on canvas, 2022.\" data-rl_title=\"Venla - Still having dreams left, 27 x 35 cm, \u00f6ljy kankaalle \u2013 olja p\u00e5 duk \u2013 oil on canvas, 2022.\" class=\"rl-gallery-link\" data-rl_caption=\"\" data-rel=\"lightbox-gallery-1\"><img loading=\"lazy\" decoding=\"async\" src=\"https:\/\/www.pikeart.com\/pieni_taulukauppa\/wp-content\/uploads\/2022\/08\/Pike_Kokkonen_Venla_webc-300x233.jpg\" width=\"300\" height=\"233\" alt=\"\" \/><span class=\"rl-gallery-caption\"><span class=\"rl-gallery-item-title\">Venla &#8211; Still having dreams left<\/span><\/span><\/a> <\/div> <\/div> <div class=\"rl-gallery-item\" > <div class=\"rl-gallery-item-content\"> <a href=\"https:\/\/www.pikeart.com\/pieni_taulukauppa\/wp-content\/uploads\/2022\/08\/Pike_Kokkoen_Veera_webc.jpg\" title=\"Veera - Still having memories left\" data-rl_title=\"Veera - Still having memories left\" class=\"rl-gallery-link\" data-rl_caption=\"\" data-rel=\"lightbox-gallery-1\"><img loading=\"lazy\" decoding=\"async\" src=\"https:\/\/www.pikeart.com\/pieni_taulukauppa\/wp-content\/uploads\/2022\/08\/Pike_Kokkoen_Veera_webc-300x231.jpg\" width=\"300\" height=\"231\" alt=\"\" \/><span class=\"rl-gallery-caption\"><span class=\"rl-gallery-item-title\">Pike_Kokkoen_Veera_webc<\/span><\/span><\/a> <\/div> <\/div> <div class=\"rl-gallery-item\" > <div class=\"rl-gallery-item-content\"> <a href=\"https:\/\/www.pikeart.com\/pieni_taulukauppa\/wp-content\/uploads\/2022\/08\/Pike_Kokkonen_Rai-Treasure-hunter_webc.jpg\" title=\"Rai - Treasure hunter\" data-rl_title=\"Rai - Treasure hunter\" class=\"rl-gallery-link\" data-rl_caption=\"\" data-rel=\"lightbox-gallery-1\"><img loading=\"lazy\" decoding=\"async\" src=\"https:\/\/www.pikeart.com\/pieni_taulukauppa\/wp-content\/uploads\/2022\/08\/Pike_Kokkonen_Rai-Treasure-hunter_webc-300x238.jpg\" width=\"300\" height=\"238\" alt=\"\" \/><span class=\"rl-gallery-caption\"><span class=\"rl-gallery-item-title\">Pike_Kokkonen_Rai&#8211;Treasure-hunter_webc<\/span><\/span><\/a> <\/div> <\/div> <div class=\"rl-gallery-item\" > <div class=\"rl-gallery-item-content\"> <a href=\"https:\/\/www.pikeart.com\/pieni_taulukauppa\/wp-content\/uploads\/2022\/08\/Pike_Kokkonen_Roi-Treasure-hunter_webc.jpg\" title=\"Roi - Treasure hunter, 40 x 50 cm, \u00f6ljy kankaalle \u2013 olja p\u00e5 duk \u2013 oil on canvas, 2022.\" data-rl_title=\"Roi - Treasure hunter, 40 x 50 cm, \u00f6ljy kankaalle \u2013 olja p\u00e5 duk \u2013 oil on canvas, 2022.\" class=\"rl-gallery-link\" data-rl_caption=\"\" data-rel=\"lightbox-gallery-1\"><img loading=\"lazy\" decoding=\"async\" src=\"https:\/\/www.pikeart.com\/pieni_taulukauppa\/wp-content\/uploads\/2022\/08\/Pike_Kokkonen_Roi-Treasure-hunter_webc-300x240.jpg\" width=\"300\" height=\"240\" alt=\"\" \/><span class=\"rl-gallery-caption\"><span class=\"rl-gallery-item-title\">Roi &#8211; Treasure hunter<\/span><\/span><\/a> <\/div> <\/div> <div class=\"rl-gallery-item\" > <div class=\"rl-gallery-item-content\"> <a href=\"https:\/\/www.pikeart.com\/pieni_taulukauppa\/wp-content\/uploads\/2022\/08\/Pike_Kokkonen_Prayer_webc.jpg\" title=\"Prayer, 160 x 135 cm, \u00f6ljy kankaalle \u2013 olja p\u00e5 duk \u2013 oil on canvas, 2022.\" data-rl_title=\"Prayer, 160 x 135 cm, \u00f6ljy kankaalle \u2013 olja p\u00e5 duk \u2013 oil on canvas, 2022.\" class=\"rl-gallery-link\" data-rl_caption=\"\" data-rel=\"lightbox-gallery-1\"><img loading=\"lazy\" decoding=\"async\" src=\"https:\/\/www.pikeart.com\/pieni_taulukauppa\/wp-content\/uploads\/2022\/08\/Pike_Kokkonen_Prayer_webc-251x300.jpg\" width=\"251\" height=\"300\" alt=\"\" \/><span class=\"rl-gallery-caption\"><span class=\"rl-gallery-item-title\">Prayer<\/span><\/span><\/a> <\/div> <\/div> <div class=\"rl-gallery-item\" > <div class=\"rl-gallery-item-content\"> <a href=\"https:\/\/www.pikeart.com\/pieni_taulukauppa\/wp-content\/uploads\/2022\/08\/Pike_Kokkonen_Augustus-Acta-est-fabula-nunc-plaudite_webc.jpg\" title=\"Augustus [Acta est fabula, nunc plaudite]\" data-rl_title=\"Augustus [Acta est fabula, nunc plaudite]\" class=\"rl-gallery-link\" data-rl_caption=\"\" data-rel=\"lightbox-gallery-1\"><img loading=\"lazy\" decoding=\"async\" src=\"https:\/\/www.pikeart.com\/pieni_taulukauppa\/wp-content\/uploads\/2022\/08\/Pike_Kokkonen_Augustus-Acta-est-fabula-nunc-plaudite_webc-239x300.jpg\" width=\"239\" height=\"300\" alt=\"\" \/><span class=\"rl-gallery-caption\"><span class=\"rl-gallery-item-title\">Pike_Kokkonen_Augustus&#8211;Acta-est-fabula,-nunc-plaudite_webc<\/span><\/span><\/a> <\/div> <\/div> <div class=\"rl-gallery-item\" > <div class=\"rl-gallery-item-content\"> <a href=\"https:\/\/www.pikeart.com\/pieni_taulukauppa\/wp-content\/uploads\/2022\/08\/Pike-Kokkonen_Autumn_Helianthus-annuus_webc.jpg\" title=\"Autumn [Helianthus annuus], 120 x 90 cm, \u00f6ljy kankaalle \u2013 olja p\u00e5 duk \u2013 oil on canvas, 2022.\" data-rl_title=\"Autumn [Helianthus annuus], 120 x 90 cm, \u00f6ljy kankaalle \u2013 olja p\u00e5 duk \u2013 oil on canvas, 2022.\" class=\"rl-gallery-link\" data-rl_caption=\"\" data-rel=\"lightbox-gallery-1\"><img loading=\"lazy\" decoding=\"async\" src=\"https:\/\/www.pikeart.com\/pieni_taulukauppa\/wp-content\/uploads\/2022\/08\/Pike-Kokkonen_Autumn_Helianthus-annuus_webc-224x300.jpg\" width=\"224\" height=\"300\" alt=\"\" \/><span class=\"rl-gallery-caption\"><span class=\"rl-gallery-item-title\">Autumn [Helianthus annuus]<\/span><\/span><\/a> <\/div> <\/div> <div class=\"rl-gallery-item\" > <div class=\"rl-gallery-item-content\"> <a href=\"https:\/\/www.pikeart.com\/pieni_taulukauppa\/wp-content\/uploads\/2022\/08\/webc_Hello-c_darkness-my-old-frien.jpg\" title=\"Hello darkness, my old friend, 100 x 140 cm, \u00f6ljy kankaalle \u2013 olja p\u00e5 duk \u2013 oil on canvas, 2019.\" data-rl_title=\"Hello darkness, my old friend, 100 x 140 cm, \u00f6ljy kankaalle \u2013 olja p\u00e5 duk \u2013 oil on canvas, 2019.\" class=\"rl-gallery-link\" data-rl_caption=\"\" data-rel=\"lightbox-gallery-1\"><img loading=\"lazy\" decoding=\"async\" src=\"https:\/\/www.pikeart.com\/pieni_taulukauppa\/wp-content\/uploads\/2022\/08\/webc_Hello-c_darkness-my-old-frien-300x214.jpg\" width=\"300\" height=\"214\" alt=\"\" \/><span class=\"rl-gallery-caption\"><span class=\"rl-gallery-item-title\">Hello darkness, my old friend<\/span><\/span><\/a> <\/div> <\/div> <\/div> <\/div>\n","protected":false},"excerpt":{"rendered":"","protected":false},"author":1,"featured_media":0,"parent":0,"menu_order":0,"comment_status":"closed","ping_status":"closed","template":"","meta":{"neve_meta_sidebar":"full-width","neve_meta_container":"","neve_meta_enable_content_width":"off","neve_meta_content_width":100,"neve_meta_title_alignment":"","neve_meta_author_avatar":"","neve_post_elements_order":"","neve_meta_disable_header":"","neve_meta_disable_footer":"","neve_meta_disable_title":"","neve_meta_reading_time":"","footnotes":""},"class_list":["post-2552","page","type-page","status-publish","hentry"],"_links":{"self":[{"href":"https:\/\/www.pikeart.com\/pieni_taulukauppa\/wp-json\/wp\/v2\/pages\/2552","targetHints":{"allow":["GET"]}}],"collection":[{"href":"https:\/\/www.pikeart.com\/pieni_taulukauppa\/wp-json\/wp\/v2\/pages"}],"about":[{"href":"https:\/\/www.pikeart.com\/pieni_taulukauppa\/wp-json\/wp\/v2\/types\/page"}],"author":[{"embeddable":true,"href":"https:\/\/www.pikeart.com\/pieni_taulukauppa\/wp-json\/wp\/v2\/users\/1"}],"replies":[{"embeddable":true,"href":"https:\/\/www.pikeart.com\/pieni_taulukauppa\/wp-json\/wp\/v2\/comments?post=2552"}],"version-history":[{"count":14,"href":"https:\/\/www.pikeart.com\/pieni_taulukauppa\/wp-json\/wp\/v2\/pages\/2552\/revisions"}],"predecessor-version":[{"id":2880,"href":"https:\/\/www.pikeart.com\/pieni_taulukauppa\/wp-json\/wp\/v2\/pages\/2552\/revisions\/2880"}],"wp:attachment":[{"href":"https:\/\/www.pikeart.com\/pieni_taulukauppa\/wp-json\/wp\/v2\/media?parent=2552"}],"curies":[{"name":"wp","href":"https:\/\/api.w.org\/{rel}","templated":true}]}}