{"id":2146,"date":"2020-04-04T10:40:53","date_gmt":"2020-04-04T10:40:53","guid":{"rendered":"https:\/\/www.pikeart.com\/pieni_taulukauppa\/?page_id=2146"},"modified":"2024-11-17T11:48:21","modified_gmt":"2024-11-17T11:48:21","slug":"maalauksia-paintings-2020","status":"publish","type":"page","link":"https:\/\/www.pikeart.com\/pieni_taulukauppa\/galleria\/maalauksia-paintings-2020\/","title":{"rendered":"Maalauksia &#8211; Paintings 2020"},"content":{"rendered":"<div class=\"rl-gallery-container rl-loading\" id=\"rl-gallery-container-1\" data-gallery_id=\"2145\"> <h4 class=\"rl-gallery-title\">Maalauksia &#8211; Paintings 2020<\/h4><div class=\"rl-gallery-description\"><\/div> <div class=\"rl-gallery rl-basicmasonry-gallery rl-hover-effect-1\" id=\"rl-gallery-1\" data-gallery_no=\"1\"> <div class=\"rl-gutter-sizer\"><\/div><div class=\"rl-grid-sizer\"><\/div> <div class=\"rl-gallery-item rl-gallery-item-width-4\" > <div class=\"rl-gallery-item-content\"> <a href=\"https:\/\/www.pikeart.com\/pieni_taulukauppa\/wp-content\/uploads\/2020\/06\/pikeart_reetu_webc.jpg\" title=\"Reetu, 30 x 30 cm, \u00f6ljy kankaalle \u2013 olja p\u00e5 duk \u2013 oil on canvas, 2020.\" data-rl_title=\"Reetu, 30 x 30 cm, \u00f6ljy kankaalle \u2013 olja p\u00e5 duk \u2013 oil on canvas, 2020.\" class=\"rl-gallery-link\" data-rl_caption=\"\" data-rel=\"lightbox-gallery-1\"><img loading=\"lazy\" decoding=\"async\" src=\"https:\/\/www.pikeart.com\/pieni_taulukauppa\/wp-content\/uploads\/2020\/06\/pikeart_reetu_webc-300x300.jpg\" width=\"300\" height=\"300\" alt=\"\" \/><span class=\"rl-gallery-caption\"><span class=\"rl-gallery-item-title\">Reetu<\/span><\/span><\/a> <\/div> <\/div> <div class=\"rl-gallery-item\" > <div class=\"rl-gallery-item-content\"> <a href=\"https:\/\/www.pikeart.com\/pieni_taulukauppa\/wp-content\/uploads\/2020\/11\/arvokas_web_vaalea.jpg\" title=\"Arvokas, 60 x 80 cm, \u00f6ljy kankaalle \u2013 olja p\u00e5 duk \u2013 oil on canvas, 2020. (Myyty)\" data-rl_title=\"Arvokas, 60 x 80 cm, \u00f6ljy kankaalle \u2013 olja p\u00e5 duk \u2013 oil on canvas, 2020. (Myyty)\" class=\"rl-gallery-link\" data-rl_caption=\"\" data-rel=\"lightbox-gallery-1\"><img loading=\"lazy\" decoding=\"async\" src=\"https:\/\/www.pikeart.com\/pieni_taulukauppa\/wp-content\/uploads\/2020\/11\/arvokas_web_vaalea-300x225.jpg\" width=\"300\" height=\"225\" alt=\"\" \/><span class=\"rl-gallery-caption\"><span class=\"rl-gallery-item-title\">Arvokas<\/span><\/span><\/a> <\/div> <\/div> <div class=\"rl-gallery-item\" > <div class=\"rl-gallery-item-content\"> <a href=\"https:\/\/www.pikeart.com\/pieni_taulukauppa\/wp-content\/uploads\/2020\/02\/pikeart_repe-onnea-etsim\u00e4ss\u00e4_webc.jpg\" title=\"Repe - onnea etsim\u00e4ss\u00e4, 20 x 20 cm, \u00f6ljy kankaalle \u2013 olja p\u00e5 duk \u2013 oil on canvas, 2020.\" data-rl_title=\"Repe - onnea etsim\u00e4ss\u00e4, 20 x 20 cm, \u00f6ljy kankaalle \u2013 olja p\u00e5 duk \u2013 oil on canvas, 2020.\" class=\"rl-gallery-link\" data-rl_caption=\"\" data-rel=\"lightbox-gallery-1\"><img loading=\"lazy\" decoding=\"async\" src=\"https:\/\/www.pikeart.com\/pieni_taulukauppa\/wp-content\/uploads\/2020\/02\/pikeart_repe-onnea-etsim\u00e4ss\u00e4_webc-297x300.jpg\" width=\"297\" height=\"300\" alt=\"\" \/><span class=\"rl-gallery-caption\"><span class=\"rl-gallery-item-title\">Repe &#8211; onnea etsim\u00e4ss\u00e4<\/span><\/span><\/a> <\/div> <\/div> <div class=\"rl-gallery-item\" > <div class=\"rl-gallery-item-content\"> <a href=\"https:\/\/www.pikeart.com\/pieni_taulukauppa\/wp-content\/uploads\/2020\/11\/j_uimonen_webc.jpg\" title=\"J. Uimonen, 27 x 35 cm, \u00f6ljy kankaalle \u2013 olja p\u00e5 duk \u2013 oil on canvas, 2020. (Myyty)\" data-rl_title=\"J. Uimonen, 27 x 35 cm, \u00f6ljy kankaalle \u2013 olja p\u00e5 duk \u2013 oil on canvas, 2020. (Myyty)\" class=\"rl-gallery-link\" data-rl_caption=\"\" data-rel=\"lightbox-gallery-1\"><img loading=\"lazy\" decoding=\"async\" src=\"https:\/\/www.pikeart.com\/pieni_taulukauppa\/wp-content\/uploads\/2020\/11\/j_uimonen_webc-300x228.jpg\" width=\"300\" height=\"228\" alt=\"\" \/><span class=\"rl-gallery-caption\"><span class=\"rl-gallery-item-title\">J. Uimonen<\/span><\/span><\/a> <\/div> <\/div> <div class=\"rl-gallery-item\" > <div class=\"rl-gallery-item-content\"> <a href=\"https:\/\/www.pikeart.com\/pieni_taulukauppa\/wp-content\/uploads\/2020\/05\/pikeart_roi_webc.jpg\" title=\"Roi - matkalla kokoukseen, 30 x 30 cm, \u00f6ljy kankaalle \u2013 olja p\u00e5 duk \u2013 oil on canvas, 2020.\" data-rl_title=\"Roi - matkalla kokoukseen, 30 x 30 cm, \u00f6ljy kankaalle \u2013 olja p\u00e5 duk \u2013 oil on canvas, 2020.\" class=\"rl-gallery-link\" data-rl_caption=\"\" data-rel=\"lightbox-gallery-1\"><img loading=\"lazy\" decoding=\"async\" src=\"https:\/\/www.pikeart.com\/pieni_taulukauppa\/wp-content\/uploads\/2020\/05\/pikeart_roi_webc-300x297.jpg\" width=\"300\" height=\"297\" alt=\"\" \/><span class=\"rl-gallery-caption\"><span class=\"rl-gallery-item-title\">Roi &#8211; matkalla kokoukseen<\/span><\/span><\/a> <\/div> <\/div> <div class=\"rl-gallery-item\" > <div class=\"rl-gallery-item-content\"> <a href=\"https:\/\/www.pikeart.com\/pieni_taulukauppa\/wp-content\/uploads\/2020\/04\/Kaikki_hyvin_webc.jpg\" title=\"Meill\u00e4 on kaikki hyvin, 30 x 30 cm, \u00f6ljy kankaalle \u2013 olja p\u00e5 duk \u2013 oil on canvas, 2020.\" data-rl_title=\"Meill\u00e4 on kaikki hyvin, 30 x 30 cm, \u00f6ljy kankaalle \u2013 olja p\u00e5 duk \u2013 oil on canvas, 2020.\" class=\"rl-gallery-link\" data-rl_caption=\"\" data-rel=\"lightbox-gallery-1\"><img loading=\"lazy\" decoding=\"async\" src=\"https:\/\/www.pikeart.com\/pieni_taulukauppa\/wp-content\/uploads\/2020\/04\/Kaikki_hyvin_webc-298x300.jpg\" width=\"298\" height=\"300\" alt=\"\" \/><span class=\"rl-gallery-caption\"><span class=\"rl-gallery-item-title\">Meill\u00e4 on kaikki hyvin<\/span><\/span><\/a> <\/div> <\/div> <div class=\"rl-gallery-item\" > <div class=\"rl-gallery-item-content\"> <a href=\"https:\/\/www.pikeart.com\/pieni_taulukauppa\/wp-content\/uploads\/2020\/04\/Jade_webc-e1605974769120.jpg\" title=\"Jade, 45 x 40 cm, \u00f6ljy kankaalle \u2013 olja p\u00e5 duk \u2013 oil on canvas, 2020.\" data-rl_title=\"Jade, 45 x 40 cm, \u00f6ljy kankaalle \u2013 olja p\u00e5 duk \u2013 oil on canvas, 2020.\" class=\"rl-gallery-link\" data-rl_caption=\"\" data-rel=\"lightbox-gallery-1\"><img loading=\"lazy\" decoding=\"async\" src=\"https:\/\/www.pikeart.com\/pieni_taulukauppa\/wp-content\/uploads\/2020\/04\/Jade_webc-266x300.jpg\" width=\"266\" height=\"300\" alt=\"\" \/><span class=\"rl-gallery-caption\"><span class=\"rl-gallery-item-title\">Jade<\/span><\/span><\/a> <\/div> <\/div> <div class=\"rl-gallery-item\" > <div class=\"rl-gallery-item-content\"> <a href=\"https:\/\/www.pikeart.com\/pieni_taulukauppa\/wp-content\/uploads\/2020\/02\/pikeart_sir-waldemar_webc.jpg\" title=\"Sir Waldemar, 30 x 30 cm, \u00f6ljy kankaalle \u2013 olja p\u00e5 duk \u2013 oil on canvas, 2020.\" data-rl_title=\"Sir Waldemar, 30 x 30 cm, \u00f6ljy kankaalle \u2013 olja p\u00e5 duk \u2013 oil on canvas, 2020.\" class=\"rl-gallery-link\" data-rl_caption=\"\" data-rel=\"lightbox-gallery-1\"><img loading=\"lazy\" decoding=\"async\" src=\"https:\/\/www.pikeart.com\/pieni_taulukauppa\/wp-content\/uploads\/2020\/02\/pikeart_sir-waldemar_webc-296x300.jpg\" width=\"296\" height=\"300\" alt=\"\" \/><span class=\"rl-gallery-caption\"><span class=\"rl-gallery-item-title\">Sir Waldemar<\/span><\/span><\/a> <\/div> <\/div> <div class=\"rl-gallery-item\" > <div class=\"rl-gallery-item-content\"> <a href=\"https:\/\/www.pikeart.com\/pieni_taulukauppa\/wp-content\/uploads\/2020\/11\/Ace_webc.jpg\" title=\"Ace, 20 x 20 cm, \u00f6ljy kankaalle \u2013 olja p\u00e5 duk \u2013 oil on canvas, 2020.\" data-rl_title=\"Ace, 20 x 20 cm, \u00f6ljy kankaalle \u2013 olja p\u00e5 duk \u2013 oil on canvas, 2020.\" class=\"rl-gallery-link\" data-rl_caption=\"\" data-rel=\"lightbox-gallery-1\"><img loading=\"lazy\" decoding=\"async\" src=\"https:\/\/www.pikeart.com\/pieni_taulukauppa\/wp-content\/uploads\/2020\/11\/Ace_webc-300x300.jpg\" width=\"300\" height=\"300\" alt=\"\" \/><span class=\"rl-gallery-caption\"><span class=\"rl-gallery-item-title\">Ace<\/span><\/span><\/a> <\/div> <\/div> <div class=\"rl-gallery-item\" > <div class=\"rl-gallery-item-content\"> <a href=\"https:\/\/www.pikeart.com\/pieni_taulukauppa\/wp-content\/uploads\/2020\/05\/pikeart_pulla_webc.jpg\" title=\"Pulla - paras yst\u00e4v\u00e4ni, 30 x 30 cm, \u00f6ljy kankaalle \u2013 olja p\u00e5 duk \u2013 oil on canvas, 2020.\" data-rl_title=\"Pulla - paras yst\u00e4v\u00e4ni, 30 x 30 cm, \u00f6ljy kankaalle \u2013 olja p\u00e5 duk \u2013 oil on canvas, 2020.\" class=\"rl-gallery-link\" data-rl_caption=\"\" data-rel=\"lightbox-gallery-1\"><img loading=\"lazy\" decoding=\"async\" src=\"https:\/\/www.pikeart.com\/pieni_taulukauppa\/wp-content\/uploads\/2020\/05\/pikeart_pulla_webc-300x298.jpg\" width=\"300\" height=\"298\" alt=\"\" \/><span class=\"rl-gallery-caption\"><span class=\"rl-gallery-item-title\">Pulla &#8211; paras yst\u00e4v\u00e4ni<\/span><\/span><\/a> <\/div> <\/div> <div class=\"rl-gallery-item\" > <div class=\"rl-gallery-item-content\"> <a href=\"https:\/\/www.pikeart.com\/pieni_taulukauppa\/wp-content\/uploads\/2020\/09\/Maya_webc.jpg\" title=\"Maya, 80 x 100 cm, \u00f6ljy kankaalle \u2013 olja p\u00e5 duk \u2013 oil on canvas, 2020.\" data-rl_title=\"Maya, 80 x 100 cm, \u00f6ljy kankaalle \u2013 olja p\u00e5 duk \u2013 oil on canvas, 2020.\" class=\"rl-gallery-link\" data-rl_caption=\"\" data-rel=\"lightbox-gallery-1\"><img loading=\"lazy\" decoding=\"async\" src=\"https:\/\/www.pikeart.com\/pieni_taulukauppa\/wp-content\/uploads\/2020\/09\/Maya_webc-300x238.jpg\" width=\"300\" height=\"238\" alt=\"\" \/><span class=\"rl-gallery-caption\"><span class=\"rl-gallery-item-title\">Maya<\/span><\/span><\/a> <\/div> <\/div> <div class=\"rl-gallery-item\" > <div class=\"rl-gallery-item-content\"> <a href=\"https:\/\/www.pikeart.com\/pieni_taulukauppa\/wp-content\/uploads\/2020\/03\/era_webc.png\" title=\"Era, 120 x 90 cm, \u00f6ljy kankaalle \u2013 olja p\u00e5 duk \u2013 oil on canvas, 2020.\" data-rl_title=\"Era, 120 x 90 cm, \u00f6ljy kankaalle \u2013 olja p\u00e5 duk \u2013 oil on canvas, 2020.\" class=\"rl-gallery-link\" data-rl_caption=\"\" data-rel=\"lightbox-gallery-1\"><img loading=\"lazy\" decoding=\"async\" src=\"https:\/\/www.pikeart.com\/pieni_taulukauppa\/wp-content\/uploads\/2020\/03\/era_webc-300x300.png\" width=\"300\" height=\"300\" alt=\"\" \/><span class=\"rl-gallery-caption\"><span class=\"rl-gallery-item-title\">Era<\/span><\/span><\/a> <\/div> <\/div> <div class=\"rl-gallery-item\" > <div class=\"rl-gallery-item-content\"> <a href=\"https:\/\/www.pikeart.com\/pieni_taulukauppa\/wp-content\/uploads\/2020\/06\/pikeart_panthera-tigris-sumatrae_webc.jpg\" title=\"Panthera tigris sumatrae (Critically Endangered), 80 x 100 cm, \u00f6ljy kankaalle \u2013 olja p\u00e5 duk \u2013 oil on canvas, 2020.\" data-rl_title=\"Panthera tigris sumatrae (Critically Endangered), 80 x 100 cm, \u00f6ljy kankaalle \u2013 olja p\u00e5 duk \u2013 oil on canvas, 2020.\" class=\"rl-gallery-link\" data-rl_caption=\"\" data-rel=\"lightbox-gallery-1\"><img loading=\"lazy\" decoding=\"async\" src=\"https:\/\/www.pikeart.com\/pieni_taulukauppa\/wp-content\/uploads\/2020\/06\/pikeart_panthera-tigris-sumatrae_webc-300x238.jpg\" width=\"300\" height=\"238\" alt=\"\" \/><span class=\"rl-gallery-caption\"><span class=\"rl-gallery-item-title\">Panthera tigris sumatrae (Critically Endangered)<\/span><\/span><\/a> <\/div> <\/div> <div class=\"rl-gallery-item\" > <div class=\"rl-gallery-item-content\"> <a href=\"https:\/\/www.pikeart.com\/pieni_taulukauppa\/wp-content\/uploads\/2020\/02\/pikeart_queen-of-my-castle_webc.jpg\" title=\"Queen of my castle, 90 x 120 cm, \u00f6ljy kankaalle \u2013 olja p\u00e5 duk \u2013 oil on canvas, 2020.\" data-rl_title=\"Queen of my castle, 90 x 120 cm, \u00f6ljy kankaalle \u2013 olja p\u00e5 duk \u2013 oil on canvas, 2020.\" class=\"rl-gallery-link\" data-rl_caption=\"\" data-rel=\"lightbox-gallery-1\"><img loading=\"lazy\" decoding=\"async\" src=\"https:\/\/www.pikeart.com\/pieni_taulukauppa\/wp-content\/uploads\/2020\/02\/pikeart_queen-of-my-castle_webc-300x224.jpg\" width=\"300\" height=\"224\" alt=\"\" \/><span class=\"rl-gallery-caption\"><span class=\"rl-gallery-item-title\">Queen of my castle<\/span><\/span><\/a> <\/div> <\/div> <div class=\"rl-gallery-item\" > <div class=\"rl-gallery-item-content\"> <a href=\"https:\/\/www.pikeart.com\/pieni_taulukauppa\/wp-content\/uploads\/2020\/04\/Hiljainen-aamu-huipulla_webc.jpg\" title=\"Hiljainen aamu huipulla, 60 x 80 cm, \u00f6ljy kankaalle \u2013 olja p\u00e5 duk \u2013 oil on canvas, 2020.\" data-rl_title=\"Hiljainen aamu huipulla, 60 x 80 cm, \u00f6ljy kankaalle \u2013 olja p\u00e5 duk \u2013 oil on canvas, 2020.\" class=\"rl-gallery-link\" data-rl_caption=\"\" data-rel=\"lightbox-gallery-1\"><img loading=\"lazy\" decoding=\"async\" src=\"https:\/\/www.pikeart.com\/pieni_taulukauppa\/wp-content\/uploads\/2020\/04\/Hiljainen-aamu-huipulla_webc-300x223.jpg\" width=\"300\" height=\"223\" alt=\"\" \/><span class=\"rl-gallery-caption\"><span class=\"rl-gallery-item-title\">Hiljainen aamu huipulla<\/span><\/span><\/a> <\/div> <\/div> <div class=\"rl-gallery-item\" > <div class=\"rl-gallery-item-content\"> <a href=\"https:\/\/www.pikeart.com\/pieni_taulukauppa\/wp-content\/uploads\/2020\/04\/Poikkeustila_webc.jpg\" title=\"Poikkeustila, 30 x 30 cm, \u00f6ljy kankaalle \u2013 olja p\u00e5 duk \u2013 oil on canvas, 2020.\" data-rl_title=\"Poikkeustila, 30 x 30 cm, \u00f6ljy kankaalle \u2013 olja p\u00e5 duk \u2013 oil on canvas, 2020.\" class=\"rl-gallery-link\" data-rl_caption=\"\" data-rel=\"lightbox-gallery-1\"><img loading=\"lazy\" decoding=\"async\" src=\"https:\/\/www.pikeart.com\/pieni_taulukauppa\/wp-content\/uploads\/2020\/04\/Poikkeustila_webc-300x300.jpg\" width=\"300\" height=\"300\" alt=\"\" \/><span class=\"rl-gallery-caption\"><span class=\"rl-gallery-item-title\">Poikkeustila<\/span><\/span><\/a> <\/div> <\/div> <div class=\"rl-gallery-item\" > <div class=\"rl-gallery-item-content\"> <a href=\"https:\/\/www.pikeart.com\/pieni_taulukauppa\/wp-content\/uploads\/2020\/06\/pikeart_valon_vartija_webc.jpg\" title=\"Valon vartija, 60 x 80 cm, \u00f6ljy kankaalle \u2013 olja p\u00e5 duk \u2013 oil on canvas, 2020.\" data-rl_title=\"Valon vartija, 60 x 80 cm, \u00f6ljy kankaalle \u2013 olja p\u00e5 duk \u2013 oil on canvas, 2020.\" class=\"rl-gallery-link\" data-rl_caption=\"\" data-rel=\"lightbox-gallery-1\"><img loading=\"lazy\" decoding=\"async\" src=\"https:\/\/www.pikeart.com\/pieni_taulukauppa\/wp-content\/uploads\/2020\/06\/pikeart_valon_vartija_webc-300x226.jpg\" width=\"300\" height=\"226\" alt=\"\" \/><span class=\"rl-gallery-caption\"><span class=\"rl-gallery-item-title\">Valon vartija<\/span><\/span><\/a> <\/div> <\/div> <div class=\"rl-gallery-item\" > <div class=\"rl-gallery-item-content\"> <a href=\"https:\/\/www.pikeart.com\/pieni_taulukauppa\/wp-content\/uploads\/2020\/06\/pikeart_kesaaamu-kaukana-kaikesta_webc.jpg\" title=\"Kes\u00e4aamu - kaukana kaikesta , 80 x 120 cm, \u00f6ljy kankaalle \u2013 olja p\u00e5 duk \u2013 oil on canvas, 2020.\" data-rl_title=\"Kes\u00e4aamu - kaukana kaikesta , 80 x 120 cm, \u00f6ljy kankaalle \u2013 olja p\u00e5 duk \u2013 oil on canvas, 2020.\" class=\"rl-gallery-link\" data-rl_caption=\"\" data-rel=\"lightbox-gallery-1\"><img loading=\"lazy\" decoding=\"async\" src=\"https:\/\/www.pikeart.com\/pieni_taulukauppa\/wp-content\/uploads\/2020\/06\/pikeart_kesaaamu-kaukana-kaikesta_webc-300x200.jpg\" width=\"300\" height=\"200\" alt=\"\" \/><span class=\"rl-gallery-caption\"><span class=\"rl-gallery-item-title\">Kes\u00e4aamu &#8211; kaukana kaikesta<\/span><\/span><\/a> <\/div> <\/div> <div class=\"rl-gallery-item\" > <div class=\"rl-gallery-item-content\"> <a href=\"https:\/\/www.pikeart.com\/pieni_taulukauppa\/wp-content\/uploads\/2020\/11\/pienia_toiveita_webc.jpg\" title=\"Pieni\u00e4 toiveita, 30 x 30 cm, \u00f6ljy kankaalle \u2013 olja p\u00e5 duk \u2013 oil on canvas, 2020.\" data-rl_title=\"Pieni\u00e4 toiveita, 30 x 30 cm, \u00f6ljy kankaalle \u2013 olja p\u00e5 duk \u2013 oil on canvas, 2020.\" class=\"rl-gallery-link\" data-rl_caption=\"\" data-rel=\"lightbox-gallery-1\"><img loading=\"lazy\" decoding=\"async\" src=\"https:\/\/www.pikeart.com\/pieni_taulukauppa\/wp-content\/uploads\/2020\/11\/pienia_toiveita_webc-300x300.jpg\" width=\"300\" height=\"300\" alt=\"\" \/><span class=\"rl-gallery-caption\"><span class=\"rl-gallery-item-title\">Pieni\u00e4 toiveita<\/span><\/span><\/a> <\/div> <\/div> <\/div> <\/div>\n","protected":false},"excerpt":{"rendered":"","protected":false},"author":1,"featured_media":0,"parent":300,"menu_order":0,"comment_status":"closed","ping_status":"closed","template":"","meta":{"neve_meta_sidebar":"full-width","neve_meta_container":"","neve_meta_enable_content_width":"off","neve_meta_content_width":100,"neve_meta_title_alignment":"","neve_meta_author_avatar":"","neve_post_elements_order":"","neve_meta_disable_header":"","neve_meta_disable_footer":"","neve_meta_disable_title":"","neve_meta_reading_time":"","footnotes":""},"class_list":["post-2146","page","type-page","status-publish","hentry"],"_links":{"self":[{"href":"https:\/\/www.pikeart.com\/pieni_taulukauppa\/wp-json\/wp\/v2\/pages\/2146","targetHints":{"allow":["GET"]}}],"collection":[{"href":"https:\/\/www.pikeart.com\/pieni_taulukauppa\/wp-json\/wp\/v2\/pages"}],"about":[{"href":"https:\/\/www.pikeart.com\/pieni_taulukauppa\/wp-json\/wp\/v2\/types\/page"}],"author":[{"embeddable":true,"href":"https:\/\/www.pikeart.com\/pieni_taulukauppa\/wp-json\/wp\/v2\/users\/1"}],"replies":[{"embeddable":true,"href":"https:\/\/www.pikeart.com\/pieni_taulukauppa\/wp-json\/wp\/v2\/comments?post=2146"}],"version-history":[{"count":2,"href":"https:\/\/www.pikeart.com\/pieni_taulukauppa\/wp-json\/wp\/v2\/pages\/2146\/revisions"}],"predecessor-version":[{"id":2972,"href":"https:\/\/www.pikeart.com\/pieni_taulukauppa\/wp-json\/wp\/v2\/pages\/2146\/revisions\/2972"}],"up":[{"embeddable":true,"href":"https:\/\/www.pikeart.com\/pieni_taulukauppa\/wp-json\/wp\/v2\/pages\/300"}],"wp:attachment":[{"href":"https:\/\/www.pikeart.com\/pieni_taulukauppa\/wp-json\/wp\/v2\/media?parent=2146"}],"curies":[{"name":"wp","href":"https:\/\/api.w.org\/{rel}","templated":true}]}}