{"id":1911,"date":"2020-02-04T06:36:25","date_gmt":"2020-02-04T06:36:25","guid":{"rendered":"https:\/\/www.pikeart.com\/pieni_taulukauppa\/?page_id=1911"},"modified":"2025-05-13T15:19:12","modified_gmt":"2025-05-13T15:19:12","slug":"maalauksia-paintings-2019","status":"publish","type":"page","link":"https:\/\/www.pikeart.com\/pieni_taulukauppa\/galleria\/maalauksia-paintings-2019\/","title":{"rendered":"Maalauksia &#8211; Paintings &#8211; 2019"},"content":{"rendered":"<div class=\"rl-gallery-container rl-loading\" id=\"rl-gallery-container-1\" data-gallery_id=\"1905\"> <h4 class=\"rl-gallery-title\">Maalauksia &#8211; Paintings &#8211; 2019<\/h4><div class=\"rl-gallery-description\"><\/div> <div class=\"rl-gallery rl-basicmasonry-gallery rl-hover-effect-1\" id=\"rl-gallery-1\" data-gallery_no=\"1\"> <div class=\"rl-gutter-sizer\"><\/div><div class=\"rl-grid-sizer\"><\/div> <div class=\"rl-gallery-item rl-gallery-item-width-4\" > <div class=\"rl-gallery-item-content\"> <a href=\"https:\/\/www.pikeart.com\/pieni_taulukauppa\/wp-content\/uploads\/2018\/08\/pikeart_two_minutes.jpg\" title=\"\" data-rl_title=\"\" class=\"rl-gallery-link\" data-rl_caption=\"\" data-rel=\"lightbox-gallery-1\"><img loading=\"lazy\" decoding=\"async\" src=\"https:\/\/www.pikeart.com\/pieni_taulukauppa\/wp-content\/uploads\/2018\/08\/pikeart_two_minutes-300x256.jpg\" width=\"300\" height=\"256\" alt=\"\" \/><span class=\"rl-gallery-caption\"><span class=\"rl-gallery-item-title\">Two minutes<\/span><\/span><\/a> <\/div> <\/div> <div class=\"rl-gallery-item\" > <div class=\"rl-gallery-item-content\"> <a href=\"https:\/\/www.pikeart.com\/pieni_taulukauppa\/wp-content\/uploads\/2020\/02\/Yst\u00e4v\u00e4t_webc.jpg\" title=\"Yst\u00e4v\u00e4t - Friends, 30 x 30 cm, \u00f6ljy kankaalle \u2013 olja p\u00e5 duk \u2013 oil on canvas, 2019.\" data-rl_title=\"Yst\u00e4v\u00e4t - Friends, 30 x 30 cm, \u00f6ljy kankaalle \u2013 olja p\u00e5 duk \u2013 oil on canvas, 2019.\" class=\"rl-gallery-link\" data-rl_caption=\"\" data-rel=\"lightbox-gallery-1\"><img loading=\"lazy\" decoding=\"async\" src=\"https:\/\/www.pikeart.com\/pieni_taulukauppa\/wp-content\/uploads\/2020\/02\/Yst\u00e4v\u00e4t_webc-300x300.jpg\" width=\"300\" height=\"300\" alt=\"\" \/><span class=\"rl-gallery-caption\"><span class=\"rl-gallery-item-title\">Yst\u00e4v\u00e4t -Friends<\/span><\/span><\/a> <\/div> <\/div> <div class=\"rl-gallery-item\" > <div class=\"rl-gallery-item-content\"> <a href=\"https:\/\/www.pikeart.com\/pieni_taulukauppa\/wp-content\/uploads\/2019\/07\/pikeart_darkness.jpg\" title=\"Hello darkness, my old friend, 140 x100 cm, \u00f6ljy kankaalle \u2013 olja p\u00e5 duk \u2013 oil on canvas, 2019.\" data-rl_title=\"Hello darkness, my old friend, 140 x100 cm, \u00f6ljy kankaalle \u2013 olja p\u00e5 duk \u2013 oil on canvas, 2019.\" class=\"rl-gallery-link\" data-rl_caption=\"\" data-rel=\"lightbox-gallery-1\"><img loading=\"lazy\" decoding=\"async\" src=\"https:\/\/www.pikeart.com\/pieni_taulukauppa\/wp-content\/uploads\/2019\/07\/pikeart_darkness-300x214.jpg\" width=\"300\" height=\"214\" alt=\"\" \/><span class=\"rl-gallery-caption\"><span class=\"rl-gallery-item-title\">Hello darkness, my old friend<\/span><\/span><\/a> <\/div> <\/div> <div class=\"rl-gallery-item\" > <div class=\"rl-gallery-item-content\"> <a href=\"https:\/\/www.pikeart.com\/pieni_taulukauppa\/wp-content\/uploads\/2019\/07\/pikeart_paljon_vartija_webc.jpg\" title=\"Guardian of all - Paljon vartija, 160 x135 cm, \u00f6ljy kankaalle \u2013 olja p\u00e5 duk \u2013 oil on canvas, 2019.\" data-rl_title=\"Guardian of all - Paljon vartija, 160 x135 cm, \u00f6ljy kankaalle \u2013 olja p\u00e5 duk \u2013 oil on canvas, 2019.\" class=\"rl-gallery-link\" data-rl_caption=\"\" data-rel=\"lightbox-gallery-1\"><img loading=\"lazy\" decoding=\"async\" src=\"https:\/\/www.pikeart.com\/pieni_taulukauppa\/wp-content\/uploads\/2019\/07\/pikeart_paljon_vartija_webc-250x300.jpg\" width=\"250\" height=\"300\" alt=\"\" \/><span class=\"rl-gallery-caption\"><span class=\"rl-gallery-item-title\">Guardian of all &#8211; Paljon vartija<\/span><\/span><\/a> <\/div> <\/div> <div class=\"rl-gallery-item\" > <div class=\"rl-gallery-item-content\"> <a href=\"https:\/\/www.pikeart.com\/pieni_taulukauppa\/wp-content\/uploads\/2019\/09\/yst\u00e4v\u00e4t_kes\u00e4aamuna_webc.jpg\" title=\"Yst\u00e4v\u00e4t kes\u00e4aamuna, 20 x 20 cm, \u00f6ljy kankaalle \u2013 olja p\u00e5 duk \u2013 oil on canvas, 2019.\" data-rl_title=\"Yst\u00e4v\u00e4t kes\u00e4aamuna, 20 x 20 cm, \u00f6ljy kankaalle \u2013 olja p\u00e5 duk \u2013 oil on canvas, 2019.\" class=\"rl-gallery-link\" data-rl_caption=\"\" data-rel=\"lightbox-gallery-1\"><img loading=\"lazy\" decoding=\"async\" src=\"https:\/\/www.pikeart.com\/pieni_taulukauppa\/wp-content\/uploads\/2019\/09\/yst\u00e4v\u00e4t_kes\u00e4aamuna_webc-300x298.jpg\" width=\"300\" height=\"298\" alt=\"\" \/><span class=\"rl-gallery-caption\"><span class=\"rl-gallery-item-title\">Yst\u00e4v\u00e4t kes\u00e4aamuna<\/span><\/span><\/a> <\/div> <\/div> <div class=\"rl-gallery-item\" > <div class=\"rl-gallery-item-content\"> <a href=\"https:\/\/www.pikeart.com\/pieni_taulukauppa\/wp-content\/uploads\/2020\/02\/Onni_webc.jpg\" title=\"Onni, 20 x 20 cm, \u00f6ljy kankaalle \u2013 olja p\u00e5 duk \u2013 oil on canvas, 2019.\" data-rl_title=\"Onni, 20 x 20 cm, \u00f6ljy kankaalle \u2013 olja p\u00e5 duk \u2013 oil on canvas, 2019.\" class=\"rl-gallery-link\" data-rl_caption=\"\" data-rel=\"lightbox-gallery-1\"><img loading=\"lazy\" decoding=\"async\" src=\"https:\/\/www.pikeart.com\/pieni_taulukauppa\/wp-content\/uploads\/2020\/02\/Onni_webc-300x300.jpg\" width=\"300\" height=\"300\" alt=\"\" \/><span class=\"rl-gallery-caption\"><span class=\"rl-gallery-item-title\">Onni<\/span><\/span><\/a> <\/div> <\/div> <div class=\"rl-gallery-item\" > <div class=\"rl-gallery-item-content\"> <a href=\"https:\/\/www.pikeart.com\/pieni_taulukauppa\/wp-content\/uploads\/2019\/07\/pikeart_hope_webc.jpg\" title=\"Hope [Hold on, pain ends], 80 x 100 cm, \u00f6ljy kankaalle \u2013 olja p\u00e5 duk \u2013 oil on canvas, 2019.\" data-rl_title=\"Hope [Hold on, pain ends], 80 x 100 cm, \u00f6ljy kankaalle \u2013 olja p\u00e5 duk \u2013 oil on canvas, 2019.\" class=\"rl-gallery-link\" data-rl_caption=\"\" data-rel=\"lightbox-gallery-1\"><img loading=\"lazy\" decoding=\"async\" src=\"https:\/\/www.pikeart.com\/pieni_taulukauppa\/wp-content\/uploads\/2019\/07\/pikeart_hope_webc-300x238.jpg\" width=\"300\" height=\"238\" alt=\"\" \/><span class=\"rl-gallery-caption\"><span class=\"rl-gallery-item-title\">Hope [Hold on, pain ends]<\/span><\/span><\/a> <\/div> <\/div> <div class=\"rl-gallery-item\" > <div class=\"rl-gallery-item-content\"> <a href=\"https:\/\/www.pikeart.com\/pieni_taulukauppa\/wp-content\/uploads\/2019\/07\/pikeart_rose_webc.jpg\" title=\"Rose (I found everything so beautiful), 120 x 100 cm, \u00f6ljy kankaalle \u2013 olja p\u00e5 duk \u2013 oil on canvas, 2019.\" data-rl_title=\"Rose (I found everything so beautiful), 120 x 100 cm, \u00f6ljy kankaalle \u2013 olja p\u00e5 duk \u2013 oil on canvas, 2019.\" class=\"rl-gallery-link\" data-rl_caption=\"\" data-rel=\"lightbox-gallery-1\"><img loading=\"lazy\" decoding=\"async\" src=\"https:\/\/www.pikeart.com\/pieni_taulukauppa\/wp-content\/uploads\/2019\/07\/pikeart_rose_webc-252x300.jpg\" width=\"252\" height=\"300\" alt=\"\" \/><span class=\"rl-gallery-caption\"><span class=\"rl-gallery-item-title\">Rose (I found everythng so beautiful)<\/span><\/span><\/a> <\/div> <\/div> <div class=\"rl-gallery-item\" > <div class=\"rl-gallery-item-content\"> <a href=\"https:\/\/www.pikeart.com\/pieni_taulukauppa\/wp-content\/uploads\/2019\/09\/Kalle_webc.jpg\" title=\"V.I.P. (Kalle Koo), 20 x 20 cm, \u00f6ljy kankaalle \u2013 olja p\u00e5 duk \u2013 oil on canvas, 2019.\" data-rl_title=\"V.I.P. (Kalle Koo), 20 x 20 cm, \u00f6ljy kankaalle \u2013 olja p\u00e5 duk \u2013 oil on canvas, 2019.\" class=\"rl-gallery-link\" data-rl_caption=\"\" data-rel=\"lightbox-gallery-1\"><img loading=\"lazy\" decoding=\"async\" src=\"https:\/\/www.pikeart.com\/pieni_taulukauppa\/wp-content\/uploads\/2019\/09\/Kalle_webc-297x300.jpg\" width=\"297\" height=\"300\" alt=\"\" \/><span class=\"rl-gallery-caption\"><span class=\"rl-gallery-item-title\">V.I.P. (Kalle Koo)<\/span><\/span><\/a> <\/div> <\/div> <div class=\"rl-gallery-item\" > <div class=\"rl-gallery-item-content\"> <a href=\"https:\/\/www.pikeart.com\/pieni_taulukauppa\/wp-content\/uploads\/2020\/04\/Wenla_webc.jpg\" title=\"Wenla, 60 x 60 cm, \u00f6ljy kankaalle \u2013 olja p\u00e5 duk \u2013 oil on canvas, 2019.\" data-rl_title=\"Wenla, 60 x 60 cm, \u00f6ljy kankaalle \u2013 olja p\u00e5 duk \u2013 oil on canvas, 2019.\" class=\"rl-gallery-link\" data-rl_caption=\"\" data-rel=\"lightbox-gallery-1\"><img loading=\"lazy\" decoding=\"async\" src=\"https:\/\/www.pikeart.com\/pieni_taulukauppa\/wp-content\/uploads\/2020\/04\/Wenla_webc-300x300.jpg\" width=\"300\" height=\"300\" alt=\"\" \/><span class=\"rl-gallery-caption\"><span class=\"rl-gallery-item-title\">Wenla<\/span><\/span><\/a> <\/div> <\/div> <div class=\"rl-gallery-item\" > <div class=\"rl-gallery-item-content\"> <a href=\"https:\/\/www.pikeart.com\/pieni_taulukauppa\/wp-content\/uploads\/2018\/03\/pikeart_iceman.jpg\" title=\"Iceman (hang on), 60 x 60 cm, \u00f6ljy kankaalle \u2013 olja p\u00e5 duk \u2013 oil on canvas, 2018.\" data-rl_title=\"Iceman (hang on), 60 x 60 cm, \u00f6ljy kankaalle \u2013 olja p\u00e5 duk \u2013 oil on canvas, 2018.\" class=\"rl-gallery-link\" data-rl_caption=\"\" data-rel=\"lightbox-gallery-1\"><img loading=\"lazy\" decoding=\"async\" src=\"https:\/\/www.pikeart.com\/pieni_taulukauppa\/wp-content\/uploads\/2018\/03\/pikeart_iceman-300x300.jpg\" width=\"300\" height=\"300\" alt=\"\" \/><span class=\"rl-gallery-caption\"><span class=\"rl-gallery-item-title\">Iceman ( Hang on)<\/span><\/span><\/a> <\/div> <\/div> <div class=\"rl-gallery-item\" > <div class=\"rl-gallery-item-content\"> <a href=\"https:\/\/www.pikeart.com\/pieni_taulukauppa\/wp-content\/uploads\/2017\/02\/pikeart_lonely_boy.jpg\" title=\"Lonely Boy (deep thoughts), 30 x 30 cm, \u00f6ljy kankaalle - olja p\u00e5 duk - oil on canvas, 2017.\" data-rl_title=\"Lonely Boy (deep thoughts), 30 x 30 cm, \u00f6ljy kankaalle - olja p\u00e5 duk - oil on canvas, 2017.\" class=\"rl-gallery-link\" data-rl_caption=\"\" data-rel=\"lightbox-gallery-1\"><img loading=\"lazy\" decoding=\"async\" src=\"https:\/\/www.pikeart.com\/pieni_taulukauppa\/wp-content\/uploads\/2017\/02\/pikeart_lonely_boy-300x300.jpg\" width=\"300\" height=\"300\" alt=\"\" \/><span class=\"rl-gallery-caption\"><span class=\"rl-gallery-item-title\">Lonely Boy (deep thoughts)<\/span><\/span><\/a> <\/div> <\/div> <div class=\"rl-gallery-item\" > <div class=\"rl-gallery-item-content\"> <a href=\"https:\/\/www.pikeart.com\/pieni_taulukauppa\/wp-content\/uploads\/2018\/08\/pikeart_ster.jpg\" title=\"Ster\" data-rl_title=\"Ster\" class=\"rl-gallery-link\" data-rl_caption=\"\" data-rel=\"lightbox-gallery-1\"><img loading=\"lazy\" decoding=\"async\" src=\"https:\/\/www.pikeart.com\/pieni_taulukauppa\/wp-content\/uploads\/2018\/08\/pikeart_ster-251x300.jpg\" width=\"251\" height=\"300\" alt=\"\" \/><span class=\"rl-gallery-caption\"><span class=\"rl-gallery-item-title\">pikeart_ster<\/span><\/span><\/a> <\/div> <\/div> <div class=\"rl-gallery-item\" > <div class=\"rl-gallery-item-content\"> <a href=\"https:\/\/www.pikeart.com\/pieni_taulukauppa\/wp-content\/uploads\/2019\/03\/pikeart_orion_webc.jpg\" title=\"Orion, 80 x 100 cm, \u00f6ljy kankaalle \u2013 olja p\u00e5 duk \u2013 oil on canvas, 2020.\" data-rl_title=\"Orion, 80 x 100 cm, \u00f6ljy kankaalle \u2013 olja p\u00e5 duk \u2013 oil on canvas, 2020.\" class=\"rl-gallery-link\" data-rl_caption=\"\" data-rel=\"lightbox-gallery-1\"><img loading=\"lazy\" decoding=\"async\" src=\"https:\/\/www.pikeart.com\/pieni_taulukauppa\/wp-content\/uploads\/2019\/03\/pikeart_orion_webc-300x240.jpg\" width=\"300\" height=\"240\" alt=\"\" \/><span class=\"rl-gallery-caption\"><span class=\"rl-gallery-item-title\">Orion<\/span><\/span><\/a> <\/div> <\/div> <div class=\"rl-gallery-item\" > <div class=\"rl-gallery-item-content\"> <a href=\"https:\/\/www.pikeart.com\/pieni_taulukauppa\/wp-content\/uploads\/2018\/01\/pikeart_persecuted_c.jpg\" title=\"Persecuted \u2013 \u201cDoes God\u2019s light guide us or blind us?\u201d (quote: Alejandro Gonz\u00e1lez I\u00f1\u00e1rritu), 120 x140 cm, \u00f6ljy kankaalle \u2013 olja p\u00e5 duk \u2013 oil on canvas, 2017.\" data-rl_title=\"Persecuted \u2013 \u201cDoes God\u2019s light guide us or blind us?\u201d (quote: Alejandro Gonz\u00e1lez I\u00f1\u00e1rritu), 120 x140 cm, \u00f6ljy kankaalle \u2013 olja p\u00e5 duk \u2013 oil on canvas, 2017.\" class=\"rl-gallery-link\" data-rl_caption=\"\" data-rel=\"lightbox-gallery-1\"><img loading=\"lazy\" decoding=\"async\" src=\"https:\/\/www.pikeart.com\/pieni_taulukauppa\/wp-content\/uploads\/2018\/01\/pikeart_persecuted_c-300x257.jpg\" width=\"300\" height=\"257\" alt=\"\" \/><span class=\"rl-gallery-caption\"><span class=\"rl-gallery-item-title\">Persecuted \u2013 \u201cDoes God\u2019s light guide us or blind us?\u201d (quote: Alejandro Gonz\u00e1lez I\u00f1\u00e1rritu)<\/span><\/span><\/a> <\/div> <\/div> <div class=\"rl-gallery-item\" > <div class=\"rl-gallery-item-content\"> <a href=\"https:\/\/www.pikeart.com\/pieni_taulukauppa\/wp-content\/uploads\/2018\/05\/pikeart_cosmo.jpg\" title=\"Cosmo, 90 x 120 cm, \u00f6ljy kankaalle \u2013 olja p\u00e5 duk \u2013 oil on canvas, 2018.\" data-rl_title=\"Cosmo, 90 x 120 cm, \u00f6ljy kankaalle \u2013 olja p\u00e5 duk \u2013 oil on canvas, 2018.\" class=\"rl-gallery-link\" data-rl_caption=\"\" data-rel=\"lightbox-gallery-1\"><img loading=\"lazy\" decoding=\"async\" src=\"https:\/\/www.pikeart.com\/pieni_taulukauppa\/wp-content\/uploads\/2018\/05\/pikeart_cosmo-300x225.jpg\" width=\"300\" height=\"225\" alt=\"\" \/><span class=\"rl-gallery-caption\"><span class=\"rl-gallery-item-title\">Cosmo<\/span><\/span><\/a> <\/div> <\/div> <div class=\"rl-gallery-item\" > <div class=\"rl-gallery-item-content\"> <a href=\"https:\/\/www.pikeart.com\/pieni_taulukauppa\/wp-content\/uploads\/2018\/05\/pikeart_molli.jpg\" title=\"Molli, 30 x 30 cm, \u00f6ljy kankaalle \u2013 olja p\u00e5 duk \u2013 oil on canvas, 2018.\" data-rl_title=\"Molli, 30 x 30 cm, \u00f6ljy kankaalle \u2013 olja p\u00e5 duk \u2013 oil on canvas, 2018.\" class=\"rl-gallery-link\" data-rl_caption=\"\" data-rel=\"lightbox-gallery-1\"><img loading=\"lazy\" decoding=\"async\" src=\"https:\/\/www.pikeart.com\/pieni_taulukauppa\/wp-content\/uploads\/2018\/05\/pikeart_molli-300x300.jpg\" width=\"300\" height=\"300\" alt=\"\" \/><span class=\"rl-gallery-caption\"><span class=\"rl-gallery-item-title\">Molli<\/span><\/span><\/a> <\/div> <\/div> <\/div> <\/div>\n","protected":false},"excerpt":{"rendered":"","protected":false},"author":1,"featured_media":0,"parent":300,"menu_order":0,"comment_status":"closed","ping_status":"closed","template":"","meta":{"neve_meta_sidebar":"full-width","neve_meta_container":"","neve_meta_enable_content_width":"off","neve_meta_content_width":100,"neve_meta_title_alignment":"","neve_meta_author_avatar":"","neve_post_elements_order":"","neve_meta_disable_header":"","neve_meta_disable_footer":"","neve_meta_disable_title":"","neve_meta_reading_time":"","footnotes":""},"class_list":["post-1911","page","type-page","status-publish","hentry"],"_links":{"self":[{"href":"https:\/\/www.pikeart.com\/pieni_taulukauppa\/wp-json\/wp\/v2\/pages\/1911","targetHints":{"allow":["GET"]}}],"collection":[{"href":"https:\/\/www.pikeart.com\/pieni_taulukauppa\/wp-json\/wp\/v2\/pages"}],"about":[{"href":"https:\/\/www.pikeart.com\/pieni_taulukauppa\/wp-json\/wp\/v2\/types\/page"}],"author":[{"embeddable":true,"href":"https:\/\/www.pikeart.com\/pieni_taulukauppa\/wp-json\/wp\/v2\/users\/1"}],"replies":[{"embeddable":true,"href":"https:\/\/www.pikeart.com\/pieni_taulukauppa\/wp-json\/wp\/v2\/comments?post=1911"}],"version-history":[{"count":11,"href":"https:\/\/www.pikeart.com\/pieni_taulukauppa\/wp-json\/wp\/v2\/pages\/1911\/revisions"}],"predecessor-version":[{"id":2950,"href":"https:\/\/www.pikeart.com\/pieni_taulukauppa\/wp-json\/wp\/v2\/pages\/1911\/revisions\/2950"}],"up":[{"embeddable":true,"href":"https:\/\/www.pikeart.com\/pieni_taulukauppa\/wp-json\/wp\/v2\/pages\/300"}],"wp:attachment":[{"href":"https:\/\/www.pikeart.com\/pieni_taulukauppa\/wp-json\/wp\/v2\/media?parent=1911"}],"curies":[{"name":"wp","href":"https:\/\/api.w.org\/{rel}","templated":true}]}}